{"id":81,"date":"2025-08-14T21:26:55","date_gmt":"2025-08-14T21:26:55","guid":{"rendered":"https:\/\/aero-dynamic.de\/?page_id=81"},"modified":"2025-10-08T20:16:57","modified_gmt":"2025-10-08T19:16:57","slug":"impressum","status":"publish","type":"page","link":"https:\/\/aero-dynamic.de\/?page_id=81","title":{"rendered":"Impressum"},"content":{"rendered":"\n<p>Verantwortlich f\u00fcr den Inhalt der Seiten&nbsp;<a href=\"https:\/\/web.archive.org\/web\/20241113152633\/https:\/\/www.aero-dynamic.de\/\">www.aero-dynamic.de<\/a>&nbsp;ist:<\/p>\n\n\n\n<p>Tony Iberler<br>Am Rettelloh 19<br>92342 Freystadt<\/p>\n\n\n\n<p>Tel +49 (0) 9179 90 2 90<br>Fax +49 (0) 9179 90 3 58<br>Mobil +49 (0) 171 670 8975<br>eMail:&nbsp;<a href=\"https:\/\/web.archive.org\/web\/20241113152633\/mailto:info@aero-dynamic.de\">info@aero-dynamic.de<\/a><\/p>\n\n\n\n<p>Unsere Daten<br>Gesch\u00e4ftsf\u00fchrer: Tony Iberler<br>USt-IdNr.: DE164563080<\/p>\n\n\n\n<p>Disclaimer<br>Trotz sorgf\u00e4ltiger inhaltlicher Kontrolle \u00fcbernehmen wir keine Haftung f\u00fcr die Inhalte externer Links. F\u00fcr den Inhalt der verlinkten Seiten sind ausschlie\u00dflich deren Betreiber verantwortlich.<\/p>\n\n\n\n<p>Alle technischen Angaben wurden mit gr\u00f6\u00dfter Sorgfalt erarbeitet bzw. zusammengestellt und reproduziert. Dennoch sind Fehler nicht auszuschlie\u00dfen. Aero-dynamic sieht sich deshalb gezwungen darauf hinzuweisen, dass weder eine Garantie noch die juristische Verantwortung oder irgendeine Haftung f\u00fcr Folgen, die auf fehlerhafte Angaben zur\u00fcckgehen, \u00fcbernommen werden kann.<\/p>\n\n\n\n<p>Urheberrecht: Alle Rechte vorbehalten. Kein Teil dieser Website darf in irgendeiner Form ohne schriftliche Genehmigung von AERO-DYNAMIC reproduziert oder unter Verwendung elektronischer Systeme verarbeitet, vervielf\u00e4ltigt oder verbreitet werden.<\/p>\n\n\n\n<p>Verwendete Produktnamen, Warenzeichen und gesch\u00fctzte Warenzeichen sind im Besitz ihrer jeweiligen Eigent\u00fcmer und wurden in der Regel nicht als solche kenntlich gemacht. Die Verwendung dient nur zur Information. Das Fehlen einer solchen Kennzeichnung bedeutet nicht, dass es sich um einen freien Namen im Sinne des Waren- und Markenzeichenrechts handelt. AERO-DYNAMIC erkennt alle Produktnamen und Warenzeichen an.<\/p>\n","protected":false},"excerpt":{"rendered":"<p>Verantwortlich f\u00fcr den Inhalt der Seiten&nbsp;www.aero-dynamic.de&nbsp;ist: Tony IberlerAm Rettelloh 1992342 Freystadt Tel +49 (0) 9179 90 2 90Fax +49 (0) [&hellip;]<\/p>\n","protected":false},"author":1,"featured_media":0,"parent":5,"menu_order":0,"comment_status":"closed","ping_status":"closed","template":"","meta":{"site-sidebar-layout":"default","site-content-layout":"","ast-site-content-layout":"default","site-content-style":"default","site-sidebar-style":"default","ast-global-header-display":"","ast-banner-title-visibility":"","ast-main-header-display":"","ast-hfb-above-header-display":"","ast-hfb-below-header-display":"","ast-hfb-mobile-header-display":"","site-post-title":"","ast-breadcrumbs-content":"","ast-featured-img":"","footer-sml-layout":"","ast-disable-related-posts":"","theme-transparent-header-meta":"","adv-header-id-meta":"","stick-header-meta":"","header-above-stick-meta":"","header-main-stick-meta":"","header-below-stick-meta":"","astra-migrate-meta-layouts":"default","ast-page-background-enabled":"default","ast-page-background-meta":{"desktop":{"background-color":"var(--ast-global-color-5)","background-image":"","background-repeat":"repeat","background-position":"center center","background-size":"auto","background-attachment":"scroll","background-type":"","background-media":"","overlay-type":"","overlay-color":"","overlay-opacity":"","overlay-gradient":""},"tablet":{"background-color":"","background-image":"","background-repeat":"repeat","background-position":"center center","background-size":"auto","background-attachment":"scroll","background-type":"","background-media":"","overlay-type":"","overlay-color":"","overlay-opacity":"","overlay-gradient":""},"mobile":{"background-color":"","background-image":"","background-repeat":"repeat","background-position":"center center","background-size":"auto","background-attachment":"scroll","background-type":"","background-media":"","overlay-type":"","overlay-color":"","overlay-opacity":"","overlay-gradient":""}},"ast-content-background-meta":{"desktop":{"background-color":"var(--ast-global-color-4)","background-image":"","background-repeat":"repeat","background-position":"center center","background-size":"auto","background-attachment":"scroll","background-type":"","background-media":"","overlay-type":"","overlay-color":"","overlay-opacity":"","overlay-gradient":""},"tablet":{"background-color":"var(--ast-global-color-4)","background-image":"","background-repeat":"repeat","background-position":"center center","background-size":"auto","background-attachment":"scroll","background-type":"","background-media":"","overlay-type":"","overlay-color":"","overlay-opacity":"","overlay-gradient":""},"mobile":{"background-color":"var(--ast-global-color-4)","background-image":"","background-repeat":"repeat","background-position":"center center","background-size":"auto","background-attachment":"scroll","background-type":"","background-media":"","overlay-type":"","overlay-color":"","overlay-opacity":"","overlay-gradient":""}},"footnotes":""},"class_list":["post-81","page","type-page","status-publish","hentry"],"_links":{"self":[{"href":"https:\/\/aero-dynamic.de\/index.php?rest_route=\/wp\/v2\/pages\/81","targetHints":{"allow":["GET"]}}],"collection":[{"href":"https:\/\/aero-dynamic.de\/index.php?rest_route=\/wp\/v2\/pages"}],"about":[{"href":"https:\/\/aero-dynamic.de\/index.php?rest_route=\/wp\/v2\/types\/page"}],"author":[{"embeddable":true,"href":"https:\/\/aero-dynamic.de\/index.php?rest_route=\/wp\/v2\/users\/1"}],"replies":[{"embeddable":true,"href":"https:\/\/aero-dynamic.de\/index.php?rest_route=%2Fwp%2Fv2%2Fcomments&post=81"}],"version-history":[{"count":2,"href":"https:\/\/aero-dynamic.de\/index.php?rest_route=\/wp\/v2\/pages\/81\/revisions"}],"predecessor-version":[{"id":114,"href":"https:\/\/aero-dynamic.de\/index.php?rest_route=\/wp\/v2\/pages\/81\/revisions\/114"}],"up":[{"embeddable":true,"href":"https:\/\/aero-dynamic.de\/index.php?rest_route=\/wp\/v2\/pages\/5"}],"wp:attachment":[{"href":"https:\/\/aero-dynamic.de\/index.php?rest_route=%2Fwp%2Fv2%2Fmedia&parent=81"}],"curies":[{"name":"wp","href":"https:\/\/api.w.org\/{rel}","templated":true}]}}